{"id":3586,"date":"2023-10-23T21:39:27","date_gmt":"2023-10-23T21:39:27","guid":{"rendered":"https:\/\/bouquetdarbres.proxim-it.be\/faq\/"},"modified":"2026-01-20T13:40:37","modified_gmt":"2026-01-20T13:40:37","slug":"faq","status":"publish","type":"page","link":"https:\/\/www.bouquetdarbres.com\/nl\/faq\/","title":{"rendered":"FAQ"},"content":{"rendered":"\t\t<div data-elementor-type=\"wp-page\" data-elementor-id=\"3586\" class=\"elementor elementor-3586 elementor-1377\">\n\t\t\t\t<div class=\"elementor-element elementor-element-bec943e e-con-full e-flex e-con e-parent\" data-id=\"bec943e\" data-element_type=\"container\" data-e-type=\"container\" data-settings=\"{&quot;background_background&quot;:&quot;classic&quot;}\">\n\t\t\t\t<div class=\"elementor-element elementor-element-7be6114f elementor-widget elementor-widget-patara-banner-image\" data-id=\"7be6114f\" data-element_type=\"widget\" data-e-type=\"widget\" data-widget_type=\"patara-banner-image.default\">\n\t\t\t\t<div class=\"elementor-widget-container\">\n\t\t\t\t\t\t\t\n\t<!-- Header Banner -->\n\t<header class=\"header\">\n\n\t\t\t\t<div class=\"banner-header full-height valign bg-img bg-fixed text-center\" data-overlay-dark=\"5\" data-background=\"https:\/\/bouquetdarbres.proxim-it.be\/wp-content\/uploads\/2025\/11\/Drone-vue-den-haut-Large.jpeg\">\n\t\t\t\t\t\t\t\t\t\t\t\t<div class=\"container\">\n\t\t\t\t\t<div class=\"row\">\n\t\t\t\t\t\t<div class=\"col-md-12 offset-0\">\n\t\t\t\t\t\t\t<div class=\"caption\">\n\n\t\t\t\t\t\t\t\t\t\t\t\t\t\t\t\t\n\t\t\t\t\t\t\t\t\n\t\t\t\t\t\t\t\t\t\t\t\t\t\t\t\t<h4 class=\"pt-slider-title1-class\">Meestgestelde vragen<\/h4>\n\t\t\t\t\t\t\t\t\t\t\t\t\t\t\t\t\t\t\t\t\t\t\t\t<h1 class=\"pt-slider-title2-class\">F.A.Qs<\/h1>\n\t\t\t\t\t\t\t\t\t\t\t\t\t\t\t\t\t\t\t\t\t\t\t<\/div>\t\t\t\t\t\t\n\t\t\t\t\t\t<\/div>\t\t\t\t\t\t\n\t\t\t\t\t<\/div>\n\t\t\t\t<\/div>\n\t\t\t\t\t\t\t\t<!-- button scroll -->\n\t\t\t\t<a href=\"#faq\" data-scroll-nav=\"1\" class=\"mouse smoothscroll\">\n\t\t\t\t\t<span class=\"mouse-icon\">\n\t\t\t\t\t\t<span class=\"mouse-wheel\"><\/span>\n\t\t\t\t\t<\/span>\n\t\t\t\t<\/a>\t\n\t\t\t\t\t\t\t\t\t\n\t\t\t\t\t\t\n        <\/div>\t\t\t\n\t<\/header>\t\t\n\t\t\t\n    \t\t\t\t<\/div>\n\t\t\t\t<\/div>\n\t\t\t\t<\/div>\n\t\t<div class=\"elementor-element elementor-element-124f48d e-flex e-con-boxed e-con e-parent\" data-id=\"124f48d\" data-element_type=\"container\" data-e-type=\"container\" id=\"faq\">\n\t\t\t\t\t<div class=\"e-con-inner\">\n\t\t<div class=\"elementor-element elementor-element-5330ba9 e-con-full e-flex e-con e-child\" data-id=\"5330ba9\" data-element_type=\"container\" data-e-type=\"container\">\n\t\t\t\t<div class=\"elementor-element elementor-element-3b16559 elementor-widget elementor-widget-patara-accordion-box\" data-id=\"3b16559\" data-element_type=\"widget\" data-e-type=\"widget\" data-widget_type=\"patara-accordion-box.default\">\n\t\t\t\t<div class=\"elementor-widget-container\">\n\t\t\t\t\t\n\t\t<div class=\"sec-accordion\">\n\t\t\t<ul class=\"accordion-box clearfix\">\n\t\t\t\t\t\t\t\t\n\t\t\t\t\t<li class=\"accordion block\">\n\t\t\t\t\t\t                            <div class=\"acc-btn\">\n                                Hoeveel gasten kunnen in de vakantiewoning verblijven?                            <\/div>\t\t\t\t\t\t\n\t\t\t\t\t\t\t\n\t\t\t\t\t\t                            <div class=\"acc-content\">\n                                <div class=\"content\">\n                                    <div class=\"text\"><p data-start=\"275\" data-end=\"433\">De vakantiewoning biedt plaats aan <strong data-start=\"310\" data-end=\"331\">maximaal 8 gasten<\/strong>, met de mogelijkheid om <strong data-start=\"356\" data-end=\"379\">\u00e9\u00e9n extra jong kind<\/strong> te verwelkomen dankzij het <strong data-start=\"407\" data-end=\"432\">beschikbare babybedje<\/strong>.<\/p><\/div>\n                                <\/div>\n                            <\/div>\t\t\t\t\t\t\t\t\t\t\t\t\t\n\t\t\t\t\t\t\t\t\t\t\t\t\t\t\t\t\t\n\t\t\t\t\t<\/li>\n\t\t\t\t\t\t\t\t\n\t\t\t\t\t<li class=\"accordion block\">\n\t\t\t\t\t\t                            <div class=\"acc-btn\">\n                                Zijn huisdieren toegestaan?                            <\/div>\t\t\t\t\t\t\n\t\t\t\t\t\t\t\n\t\t\t\t\t\t                            <div class=\"acc-content\">\n                                <div class=\"content\">\n                                    <div class=\"text\"><p>Ja, <strong data-start=\"482\" data-end=\"494\">\u00e9\u00e9n hond<\/strong> is welkom in de vakantiewoning.<br data-start=\"526\" data-end=\"529\" \/>Voor ieders comfort zijn huisdieren <strong data-start=\"565\" data-end=\"605\">niet toegestaan in de wellnessruimte<\/strong>, noch <strong data-start=\"612\" data-end=\"640\">op de bedden of de zetel<\/strong>.<\/p><\/div>\n                                <\/div>\n                            <\/div>\t\t\t\t\t\t\t\t\t\t\t\t\t\n\t\t\t\t\t\t\t\t\t\t\t\t\t\t\t\t\t\n\t\t\t\t\t<\/li>\n\t\t\t\t\t\t\t\t\n\t\t\t\t\t<li class=\"accordion block\">\n\t\t\t\t\t\t                            <div class=\"acc-btn\">\n                                Wat zijn de check-in en check-out tijden?                            <\/div>\t\t\t\t\t\t\n\t\t\t\t\t\t\t\n\t\t\t\t\t\t                            <div class=\"acc-content\">\n                                <div class=\"content\">\n                                    <div class=\"text\"><p><strong data-start=\"776\" data-end=\"788\">Check-in<\/strong>: vanaf <strong data-start=\"796\" data-end=\"809\">16:00 uur<\/strong><br data-start=\"809\" data-end=\"812\" \/><strong data-start=\"812\" data-end=\"825\">Check-out<\/strong>: tot <strong data-start=\"831\" data-end=\"844\">10:00 uur<\/strong><\/p><\/div>\n                                <\/div>\n                            <\/div>\t\t\t\t\t\t\t\t\t\t\t\t\t\n\t\t\t\t\t\t\t\t\t\t\t\t\t\t\t\t\t\n\t\t\t\t\t<\/li>\n\t\t\t\t\t\t\t\t\n\t\t\t\t\t<li class=\"accordion block\">\n\t\t\t\t\t\t                            <div class=\"acc-btn\">\n                                Is er parkeergelegenheid?                            <\/div>\t\t\t\t\t\t\n\t\t\t\t\t\t\t\n\t\t\t\t\t\t                            <div class=\"acc-content\">\n                                <div class=\"content\">\n                                    <div class=\"text\"><p>Ja, er is <strong data-start=\"897\" data-end=\"948\">parking beschikbaar vlak voor de vakantiewoning<\/strong>.<br data-start=\"949\" data-end=\"952\" \/>Er is <strong data-start=\"958\" data-end=\"975\">geen laadpaal<\/strong> aanwezig.<\/p><\/div>\n                                <\/div>\n                            <\/div>\t\t\t\t\t\t\t\t\t\t\t\t\t\n\t\t\t\t\t\t\t\t\t\t\t\t\t\t\t\t\t\n\t\t\t\t\t<\/li>\n\t\t\t\t\t\t\t\t\n\t\t\t\t\t<li class=\"accordion block\">\n\t\t\t\t\t\t                            <div class=\"acc-btn\">\n                                Is de keuken volledig uitgerust?                            <\/div>\t\t\t\t\t\t\n\t\t\t\t\t\t\t\n\t\t\t\t\t\t                            <div class=\"acc-content\">\n                                <div class=\"content\">\n                                    <div class=\"text\"><p>Ja, de keuken is <strong data-start=\"1052\" data-end=\"1075\">zeer goed uitgerust<\/strong> en beschikt over een <strong data-start=\"1097\" data-end=\"1113\">broodrooster<\/strong>, <strong data-start=\"1115\" data-end=\"1126\">blender<\/strong>, <strong data-start=\"1128\" data-end=\"1142\">waterkoker<\/strong>, <strong data-start=\"1144\" data-end=\"1158\">grote oven<\/strong>, <strong data-start=\"1160\" data-end=\"1173\">kookplaat<\/strong>, <strong data-start=\"1175\" data-end=\"1208\">Nespresso- en espressomachine<\/strong> en een <strong data-start=\"1216\" data-end=\"1234\">ruime koelkast<\/strong>.<br data-start=\"1235\" data-end=\"1238\" \/>Daarnaast is er een <strong data-start=\"1258\" data-end=\"1269\">berging<\/strong>, een <strong data-start=\"1275\" data-end=\"1289\">vaatwasser<\/strong> en <strong data-start=\"1293\" data-end=\"1331\">alle nodige servies en keukengerei<\/strong> voor je verblijf.<\/p><\/div>\n                                <\/div>\n                            <\/div>\t\t\t\t\t\t\t\t\t\t\t\t\t\n\t\t\t\t\t\t\t\t\t\t\t\t\t\t\t\t\t\n\t\t\t\t\t<\/li>\n\t\t\t\t\t\t\t\t\n\t\t\t\t\t<li class=\"accordion block\">\n\t\t\t\t\t\t                            <div class=\"acc-btn\">\n                                Is er een babybedje of kinderstoel beschikbaar?                            <\/div>\t\t\t\t\t\t\n\t\t\t\t\t\t\t\n\t\t\t\t\t\t                            <div class=\"acc-content\">\n                                <div class=\"content\">\n                                    <div class=\"text\"><p data-start=\"1414\" data-end=\"1488\">Ja, <strong data-start=\"1418\" data-end=\"1454\">een kinderstoel en een babybedje<\/strong> zijn beschikbaar <strong data-start=\"1472\" data-end=\"1487\">op aanvraag<\/strong>.<\/p><\/div>\n                                <\/div>\n                            <\/div>\t\t\t\t\t\t\t\t\t\t\t\t\t\n\t\t\t\t\t\t\t\t\t\t\t\t\t\t\t\t\t\n\t\t\t\t\t<\/li>\n\t\t\t\t\t\t\t\t\n\t\t\t\t\t<li class=\"accordion block\">\n\t\t\t\t\t\t                            <div class=\"acc-btn\">\n                                Wordt er een waarborg gevraagd?                            <\/div>\t\t\t\t\t\t\n\t\t\t\t\t\t\t\n\t\t\t\t\t\t                            <div class=\"acc-content\">\n                                <div class=\"content\">\n                                    <div class=\"text\"><p>Ja, er wordt een <strong data-start=\"1554\" data-end=\"1577\">waarborg van \u20ac1.000<\/strong> gevraagd bij aankomst, te betalen <strong data-start=\"1612\" data-end=\"1632\">met kredietkaart<\/strong>.<br data-start=\"1633\" data-end=\"1636\" \/>Deze wordt <strong data-start=\"1647\" data-end=\"1693\">terugbetaald aan het einde van je verblijf<\/strong>, na controle van de woning.<\/p><\/div>\n                                <\/div>\n                            <\/div>\t\t\t\t\t\t\t\t\t\t\t\t\t\n\t\t\t\t\t\t\t\t\t\t\t\t\t\t\t\t\t\n\t\t\t\t\t<\/li>\n\t\t\t\t\t\t\t\t\n\t\t\t\t\t<li class=\"accordion block\">\n\t\t\t\t\t\t                            <div class=\"acc-btn\">\n                                Wat is jullie annuleringsbeleid?                            <\/div>\t\t\t\t\t\t\n\t\t\t\t\t\t\t\n\t\t\t\t\t\t                            <div class=\"acc-content\">\n                                <div class=\"content\">\n                                    <div class=\"text\"><p>Alle reservaties zijn <strong data-start=\"1793\" data-end=\"1817\">niet terugbetaalbaar<\/strong>.<br data-start=\"1818\" data-end=\"1821\" \/>Bij het boeken betaal je een <strong data-start=\"1850\" data-end=\"1871\">voorschot van 30%<\/strong>, het resterende <strong data-start=\"1888\" data-end=\"1905\">saldo van 70%<\/strong> dient <strong data-start=\"1912\" data-end=\"1938\">21 dagen v\u00f3\u00f3r aankomst<\/strong> betaald te worden.<br data-start=\"1957\" data-end=\"1960\" \/>Je ontvangt hiervoor een <strong data-start=\"1985\" data-end=\"2013\">betalingslink per e-mail<\/strong>.<\/p><\/div>\n                                <\/div>\n                            <\/div>\t\t\t\t\t\t\t\t\t\t\t\t\t\n\t\t\t\t\t\t\t\t\t\t\t\t\t\t\t\t\t\n\t\t\t\t\t<\/li>\n\t\t\t\t\t\t\t\t\n\t\t\t\t\t<li class=\"accordion block\">\n\t\t\t\t\t\t                            <div class=\"acc-btn\">\n                                Kan ik mijn reserveringsdata wijzigen?                            <\/div>\t\t\t\t\t\t\n\t\t\t\t\t\t\t\n\t\t\t\t\t\t                            <div class=\"acc-content\">\n                                <div class=\"content\">\n                                    <div class=\"text\"><p data-start=\"2070\" data-end=\"2137\">Ja, dit kan <strong data-start=\"2082\" data-end=\"2097\">op aanvraag<\/strong> en <strong data-start=\"2101\" data-end=\"2136\">minstens 21 dagen v\u00f3\u00f3r aankomst<\/strong>.<\/p><\/div>\n                                <\/div>\n                            <\/div>\t\t\t\t\t\t\t\t\t\t\t\t\t\n\t\t\t\t\t\t\t\t\t\t\t\t\t\t\t\t\t\n\t\t\t\t\t<\/li>\n\t\t\t\t\t\n\t    \t<\/ul>\t\t\n\t\t<\/div>\t\t\n\n        \t\t\t\t<\/div>\n\t\t\t\t<\/div>\n\t\t\t\t<\/div>\n\t\t<div class=\"elementor-element elementor-element-ebb2635 e-con-full e-flex e-con e-child\" data-id=\"ebb2635\" data-element_type=\"container\" data-e-type=\"container\">\n\t\t\t\t<div class=\"elementor-element elementor-element-76c188c elementor-widget elementor-widget-patara-image\" data-id=\"76c188c\" data-element_type=\"widget\" data-e-type=\"widget\" data-widget_type=\"patara-image.default\">\n\t\t\t\t<div class=\"elementor-widget-container\">\n\t\t\t\t\t\t\t\n\t\t\t\t\n\n\t\t\t<div class=\"sec-img\">\n\t\t\t\t\t\t\t\t\t\n\t\t\t\t <img decoding=\"async\" src=\"https:\/\/bouquetdarbres.proxim-it.be\/wp-content\/uploads\/2025\/11\/Photo-automne-cote-Large.jpeg\" class=\"img-fluid\" alt=\"\"> \n\t\t\t\t\t\n\t\t\t<\/div>\t\t\t\t\t\n\n\t    \t\t\t\n\t\t\n\t\t\t\n        \t\t\t\t<\/div>\n\t\t\t\t<\/div>\n\t\t\t\t<\/div>\n\t\t\t\t\t<\/div>\n\t\t\t\t<\/div>\n\t\t\t\t<\/div>\n\t\t","protected":false},"excerpt":{"rendered":"<p>Meestgestelde vragen F.A.Qs Hoeveel gasten kunnen in de vakantiewoning verblijven? De vakantiewoning biedt plaats aan maximaal 8 gasten, met de mogelijkheid om \u00e9\u00e9n extra jong kind te verwelkomen dankzij het beschikbare babybedje. Zijn huisdieren toegestaan? Ja, \u00e9\u00e9n hond is welkom in de vakantiewoning.Voor ieders comfort zijn huisdieren niet toegestaan in de wellnessruimte, noch op de bedden of de zetel. Wat<\/p>\n","protected":false},"author":2,"featured_media":0,"parent":0,"menu_order":0,"comment_status":"closed","ping_status":"closed","template":"","meta":{"footnotes":"","_links_to":"","_links_to_target":""},"class_list":["post-3586","page","type-page","status-publish","hentry"],"yoast_head":"<!-- This site is optimized with the Yoast SEO plugin v27.1.1 - https:\/\/yoast.com\/product\/yoast-seo-wordpress\/ -->\n<title>FAQ - Bouquet d&#039;Arbres<\/title>\n<meta name=\"robots\" content=\"index, follow, max-snippet:-1, max-image-preview:large, max-video-preview:-1\" \/>\n<link rel=\"canonical\" href=\"https:\/\/www.bouquetdarbres.com\/nl\/faq\/\" \/>\n<meta property=\"og:locale\" content=\"nl_NL\" \/>\n<meta property=\"og:type\" content=\"article\" \/>\n<meta property=\"og:title\" content=\"FAQ - Bouquet d&#039;Arbres\" \/>\n<meta property=\"og:description\" content=\"Meestgestelde vragen F.A.Qs Hoeveel gasten kunnen in de vakantiewoning verblijven? De vakantiewoning biedt plaats aan maximaal 8 gasten, met de mogelijkheid om \u00e9\u00e9n extra jong kind te verwelkomen dankzij het beschikbare babybedje. Zijn huisdieren toegestaan? Ja, \u00e9\u00e9n hond is welkom in de vakantiewoning.Voor ieders comfort zijn huisdieren niet toegestaan in de wellnessruimte, noch op de bedden of de zetel. Wat\" \/>\n<meta property=\"og:url\" content=\"https:\/\/www.bouquetdarbres.com\/nl\/faq\/\" \/>\n<meta property=\"og:site_name\" content=\"Bouquet d&#039;Arbres\" \/>\n<meta property=\"article:publisher\" content=\"https:\/\/www.facebook.com\/LeBouquetDArbres\/\" \/>\n<meta property=\"article:modified_time\" content=\"2026-01-20T13:40:37+00:00\" \/>\n<meta property=\"og:image\" content=\"https:\/\/bouquetdarbres.proxim-it.be\/wp-content\/uploads\/2025\/11\/Photo-automne-cote-Large.jpeg\" \/>\n<meta name=\"twitter:card\" content=\"summary_large_image\" \/>\n<meta name=\"twitter:label1\" content=\"Geschatte leestijd\" \/>\n\t<meta name=\"twitter:data1\" content=\"1 minuut\" \/>\n<script type=\"application\/ld+json\" class=\"yoast-schema-graph\">{\"@context\":\"https:\/\/schema.org\",\"@graph\":[{\"@type\":\"WebPage\",\"@id\":\"https:\/\/www.bouquetdarbres.com\/nl\/faq\/\",\"url\":\"https:\/\/www.bouquetdarbres.com\/nl\/faq\/\",\"name\":\"FAQ - Bouquet d&#039;Arbres\",\"isPartOf\":{\"@id\":\"https:\/\/www.bouquetdarbres.com\/nl\/#website\"},\"primaryImageOfPage\":{\"@id\":\"https:\/\/www.bouquetdarbres.com\/nl\/faq\/#primaryimage\"},\"image\":{\"@id\":\"https:\/\/www.bouquetdarbres.com\/nl\/faq\/#primaryimage\"},\"thumbnailUrl\":\"https:\/\/bouquetdarbres.proxim-it.be\/wp-content\/uploads\/2025\/11\/Photo-automne-cote-Large.jpeg\",\"datePublished\":\"2023-10-23T21:39:27+00:00\",\"dateModified\":\"2026-01-20T13:40:37+00:00\",\"breadcrumb\":{\"@id\":\"https:\/\/www.bouquetdarbres.com\/nl\/faq\/#breadcrumb\"},\"inLanguage\":\"nl-NL\",\"potentialAction\":[{\"@type\":\"ReadAction\",\"target\":[\"https:\/\/www.bouquetdarbres.com\/nl\/faq\/\"]}]},{\"@type\":\"ImageObject\",\"inLanguage\":\"nl-NL\",\"@id\":\"https:\/\/www.bouquetdarbres.com\/nl\/faq\/#primaryimage\",\"url\":\"https:\/\/bouquetdarbres.proxim-it.be\/wp-content\/uploads\/2025\/11\/Photo-automne-cote-Large.jpeg\",\"contentUrl\":\"https:\/\/bouquetdarbres.proxim-it.be\/wp-content\/uploads\/2025\/11\/Photo-automne-cote-Large.jpeg\"},{\"@type\":\"BreadcrumbList\",\"@id\":\"https:\/\/www.bouquetdarbres.com\/nl\/faq\/#breadcrumb\",\"itemListElement\":[{\"@type\":\"ListItem\",\"position\":1,\"name\":\"Home\",\"item\":\"https:\/\/www.bouquetdarbres.com\/nl\/home\/\"},{\"@type\":\"ListItem\",\"position\":2,\"name\":\"FAQ\"}]},{\"@type\":\"WebSite\",\"@id\":\"https:\/\/www.bouquetdarbres.com\/nl\/#website\",\"url\":\"https:\/\/www.bouquetdarbres.com\/nl\/\",\"name\":\"Le Bouquet d'Arbres\",\"description\":\"Holiday Home - Villers-la-Ville\",\"publisher\":{\"@id\":\"https:\/\/www.bouquetdarbres.com\/nl\/#organization\"},\"potentialAction\":[{\"@type\":\"SearchAction\",\"target\":{\"@type\":\"EntryPoint\",\"urlTemplate\":\"https:\/\/www.bouquetdarbres.com\/nl\/?s={search_term_string}\"},\"query-input\":{\"@type\":\"PropertyValueSpecification\",\"valueRequired\":true,\"valueName\":\"search_term_string\"}}],\"inLanguage\":\"nl-NL\"},{\"@type\":\"Organization\",\"@id\":\"https:\/\/www.bouquetdarbres.com\/nl\/#organization\",\"name\":\"Bouquet d'Arbres\",\"url\":\"https:\/\/www.bouquetdarbres.com\/nl\/\",\"logo\":{\"@type\":\"ImageObject\",\"inLanguage\":\"nl-NL\",\"@id\":\"https:\/\/www.bouquetdarbres.com\/nl\/#\/schema\/logo\/image\/\",\"url\":\"https:\/\/www.bouquetdarbres.com\/wp-content\/uploads\/2025\/08\/logo-bouquet-darbres.png\",\"contentUrl\":\"https:\/\/www.bouquetdarbres.com\/wp-content\/uploads\/2025\/08\/logo-bouquet-darbres.png\",\"width\":558,\"height\":154,\"caption\":\"Bouquet d'Arbres\"},\"image\":{\"@id\":\"https:\/\/www.bouquetdarbres.com\/nl\/#\/schema\/logo\/image\/\"},\"sameAs\":[\"https:\/\/www.facebook.com\/LeBouquetDArbres\/\",\"https:\/\/www.instagram.com\/lebouquetdarbres\/\"]}]}<\/script>\n<!-- \/ Yoast SEO plugin. -->","yoast_head_json":{"title":"FAQ - Bouquet d&#039;Arbres","robots":{"index":"index","follow":"follow","max-snippet":"max-snippet:-1","max-image-preview":"max-image-preview:large","max-video-preview":"max-video-preview:-1"},"canonical":"https:\/\/www.bouquetdarbres.com\/nl\/faq\/","og_locale":"nl_NL","og_type":"article","og_title":"FAQ - Bouquet d&#039;Arbres","og_description":"Meestgestelde vragen F.A.Qs Hoeveel gasten kunnen in de vakantiewoning verblijven? De vakantiewoning biedt plaats aan maximaal 8 gasten, met de mogelijkheid om \u00e9\u00e9n extra jong kind te verwelkomen dankzij het beschikbare babybedje. Zijn huisdieren toegestaan? Ja, \u00e9\u00e9n hond is welkom in de vakantiewoning.Voor ieders comfort zijn huisdieren niet toegestaan in de wellnessruimte, noch op de bedden of de zetel. Wat","og_url":"https:\/\/www.bouquetdarbres.com\/nl\/faq\/","og_site_name":"Bouquet d&#039;Arbres","article_publisher":"https:\/\/www.facebook.com\/LeBouquetDArbres\/","article_modified_time":"2026-01-20T13:40:37+00:00","og_image":[{"url":"https:\/\/bouquetdarbres.proxim-it.be\/wp-content\/uploads\/2025\/11\/Photo-automne-cote-Large.jpeg","type":"","width":"","height":""}],"twitter_card":"summary_large_image","twitter_misc":{"Geschatte leestijd":"1 minuut"},"schema":{"@context":"https:\/\/schema.org","@graph":[{"@type":"WebPage","@id":"https:\/\/www.bouquetdarbres.com\/nl\/faq\/","url":"https:\/\/www.bouquetdarbres.com\/nl\/faq\/","name":"FAQ - Bouquet d&#039;Arbres","isPartOf":{"@id":"https:\/\/www.bouquetdarbres.com\/nl\/#website"},"primaryImageOfPage":{"@id":"https:\/\/www.bouquetdarbres.com\/nl\/faq\/#primaryimage"},"image":{"@id":"https:\/\/www.bouquetdarbres.com\/nl\/faq\/#primaryimage"},"thumbnailUrl":"https:\/\/bouquetdarbres.proxim-it.be\/wp-content\/uploads\/2025\/11\/Photo-automne-cote-Large.jpeg","datePublished":"2023-10-23T21:39:27+00:00","dateModified":"2026-01-20T13:40:37+00:00","breadcrumb":{"@id":"https:\/\/www.bouquetdarbres.com\/nl\/faq\/#breadcrumb"},"inLanguage":"nl-NL","potentialAction":[{"@type":"ReadAction","target":["https:\/\/www.bouquetdarbres.com\/nl\/faq\/"]}]},{"@type":"ImageObject","inLanguage":"nl-NL","@id":"https:\/\/www.bouquetdarbres.com\/nl\/faq\/#primaryimage","url":"https:\/\/bouquetdarbres.proxim-it.be\/wp-content\/uploads\/2025\/11\/Photo-automne-cote-Large.jpeg","contentUrl":"https:\/\/bouquetdarbres.proxim-it.be\/wp-content\/uploads\/2025\/11\/Photo-automne-cote-Large.jpeg"},{"@type":"BreadcrumbList","@id":"https:\/\/www.bouquetdarbres.com\/nl\/faq\/#breadcrumb","itemListElement":[{"@type":"ListItem","position":1,"name":"Home","item":"https:\/\/www.bouquetdarbres.com\/nl\/home\/"},{"@type":"ListItem","position":2,"name":"FAQ"}]},{"@type":"WebSite","@id":"https:\/\/www.bouquetdarbres.com\/nl\/#website","url":"https:\/\/www.bouquetdarbres.com\/nl\/","name":"Le Bouquet d'Arbres","description":"Holiday Home - Villers-la-Ville","publisher":{"@id":"https:\/\/www.bouquetdarbres.com\/nl\/#organization"},"potentialAction":[{"@type":"SearchAction","target":{"@type":"EntryPoint","urlTemplate":"https:\/\/www.bouquetdarbres.com\/nl\/?s={search_term_string}"},"query-input":{"@type":"PropertyValueSpecification","valueRequired":true,"valueName":"search_term_string"}}],"inLanguage":"nl-NL"},{"@type":"Organization","@id":"https:\/\/www.bouquetdarbres.com\/nl\/#organization","name":"Bouquet d'Arbres","url":"https:\/\/www.bouquetdarbres.com\/nl\/","logo":{"@type":"ImageObject","inLanguage":"nl-NL","@id":"https:\/\/www.bouquetdarbres.com\/nl\/#\/schema\/logo\/image\/","url":"https:\/\/www.bouquetdarbres.com\/wp-content\/uploads\/2025\/08\/logo-bouquet-darbres.png","contentUrl":"https:\/\/www.bouquetdarbres.com\/wp-content\/uploads\/2025\/08\/logo-bouquet-darbres.png","width":558,"height":154,"caption":"Bouquet d'Arbres"},"image":{"@id":"https:\/\/www.bouquetdarbres.com\/nl\/#\/schema\/logo\/image\/"},"sameAs":["https:\/\/www.facebook.com\/LeBouquetDArbres\/","https:\/\/www.instagram.com\/lebouquetdarbres\/"]}]}},"meta_box":[],"_links":{"self":[{"href":"https:\/\/www.bouquetdarbres.com\/nl\/wp-json\/wp\/v2\/pages\/3586","targetHints":{"allow":["GET"]}}],"collection":[{"href":"https:\/\/www.bouquetdarbres.com\/nl\/wp-json\/wp\/v2\/pages"}],"about":[{"href":"https:\/\/www.bouquetdarbres.com\/nl\/wp-json\/wp\/v2\/types\/page"}],"author":[{"embeddable":true,"href":"https:\/\/www.bouquetdarbres.com\/nl\/wp-json\/wp\/v2\/users\/2"}],"replies":[{"embeddable":true,"href":"https:\/\/www.bouquetdarbres.com\/nl\/wp-json\/wp\/v2\/comments?post=3586"}],"version-history":[{"count":4,"href":"https:\/\/www.bouquetdarbres.com\/nl\/wp-json\/wp\/v2\/pages\/3586\/revisions"}],"predecessor-version":[{"id":3763,"href":"https:\/\/www.bouquetdarbres.com\/nl\/wp-json\/wp\/v2\/pages\/3586\/revisions\/3763"}],"wp:attachment":[{"href":"https:\/\/www.bouquetdarbres.com\/nl\/wp-json\/wp\/v2\/media?parent=3586"}],"curies":[{"name":"wp","href":"https:\/\/api.w.org\/{rel}","templated":true}]}}