{"id":3596,"date":"2023-10-21T22:25:19","date_gmt":"2023-10-21T22:25:19","guid":{"rendered":"https:\/\/bouquetdarbres.proxim-it.be\/spa-wellness\/"},"modified":"2026-01-20T14:35:33","modified_gmt":"2026-01-20T14:35:33","slug":"spa-wellness","status":"publish","type":"page","link":"https:\/\/www.bouquetdarbres.com\/de\/spa-wellness\/","title":{"rendered":"Wellness"},"content":{"rendered":"\t\t<div data-elementor-type=\"wp-page\" data-elementor-id=\"3596\" class=\"elementor elementor-3596 elementor-803\">\n\t\t\t\t<div class=\"elementor-element elementor-element-7ed881c6 e-con-full e-flex e-con e-parent\" data-id=\"7ed881c6\" data-element_type=\"container\" data-e-type=\"container\">\n\t\t\t\t<div class=\"elementor-element elementor-element-6e073773 elementor-widget elementor-widget-patara-banner-slider\" data-id=\"6e073773\" data-element_type=\"widget\" data-e-type=\"widget\" id=\"restaurant\" data-widget_type=\"patara-banner-slider.default\">\n\t\t\t\t<div class=\"elementor-widget-container\">\n\t\t\t\t\t\t\t<header class=\"header slider-fade cd-intro-type-slider\">\n\t\t\t<div class=\"owl-carousel owl-theme\" data-carousel-autoplay=\"false\" data-carousel-speed=\"500\" data-carousel-timeout=\"5000\" data-carousel-nav=\"true\" data-rtl=\"false\" data-carousel-dots=\"false\" data-carousel-dots-mobile=\"false\" >\n\t\t\t\t<!-- The opacity on the image is made with \"data-overlay-dark=\"number\". You can change it using the numbers 0-9 -->\n\t\t\t\t\t\t\t\t\t\t\t\t<div class=\"text-center item bg-img bg-img-c\" data-overlay-dark=\"2\" data-background=\"https:\/\/bouquetdarbres.proxim-it.be\/wp-content\/uploads\/2025\/11\/wellness-Large.jpg\">\n\t\t\t\t\n\t\t\t\t\t\t\t\t\t\t\t<div class=\"v-middle caption\">\n\t\t\t\t\t\t\t<div class=\"container\">\n\t\t\t\t\t\t\t\t<div class=\"row\">\n\t\t\t\t\t\t\t\t\t<div class=\"col-md-12 offset-0\">\n\t\t\t\t\t\t\t\t\t\t<div class=\"o-hidden\">\n\t\t\t\t\t\t\t\t\t\t    \t\t\t\t\t\t\t\t\t\t\t\n\t\t\t\t\t\t\t\t\t\t\t\t\t\t\t\t\t\t\t\t\t\t\n\t\t\t\t\t\t\t\t\t\t\t\t\t\t\t\t\t\t\t\t\t\t\t\t\t\t\t\t\t\t\t\t\t<h1 class=\"pt-slider-title2-class\">Ihr privater Wellnessbereich<\/h1>\n\t\t\t\t\t\t\t\t\t\t\t\t\t\t\t\t\t\t\t\t\t\t\t\t\t\t\t\t\t\t\t\t<\/div>\n\t\t\t\t\t\t\t\t\t<\/div>\n\t\t\t\t\t\t\t\t<\/div>\n\t\t\t\t\t\t\t<\/div>\n\t\t\t\t\t\t<\/div>\n\t\t\t\t\t\t\t\t\t<\/div>\n\t\t\t\t\t\t\t\t\t\t\t\t\n\t\t\t<\/div>\n        <\/header>\n\t\t\n\t\t        <!-- button scroll -->\n        <a href=\"#spa\" data-scroll-nav=\"1\" class=\"mouse smoothscroll\">\n            <span class=\"mouse-icon\">\n                <span class=\"mouse-wheel\"><\/span>\n            <\/span>\n        <\/a>\t\n\t\t\t\t\t\t\t\t\t\t<\/div>\n\t\t\t\t<\/div>\n\t\t\t\t<\/div>\n\t\t<div class=\"elementor-element elementor-element-899a3a2 e-flex e-con-boxed e-con e-parent\" data-id=\"899a3a2\" data-element_type=\"container\" data-e-type=\"container\" id=\"spa\" data-settings=\"{&quot;background_background&quot;:&quot;classic&quot;}\">\n\t\t\t\t\t<div class=\"e-con-inner\">\n\t\t<div class=\"elementor-element elementor-element-1a80bb0a e-con-full e-flex e-con e-child\" data-id=\"1a80bb0a\" data-element_type=\"container\" data-e-type=\"container\">\n\t\t\t\t<div class=\"elementor-element elementor-element-643c1dae elementor-widget elementor-widget-patara-title\" data-id=\"643c1dae\" data-element_type=\"widget\" data-e-type=\"widget\" data-widget_type=\"patara-title.default\">\n\t\t\t\t<div class=\"elementor-widget-container\">\n\t\t\t\t\t\t\t\n\t\t\t\t\t\t\t\t<div class=\"sub-title border-bot-light\">\n\t\t\tZeit zum Entspannen<\/h4><\/div>\n\t\t\t\t\t\n\t\t\t\n        \t\t\t\t<\/div>\n\t\t\t\t<\/div>\n\t\t\t\t<\/div>\n\t\t<div class=\"elementor-element elementor-element-3265ece9 e-con-full e-flex e-con e-child\" data-id=\"3265ece9\" data-element_type=\"container\" data-e-type=\"container\">\n\t\t\t\t<div class=\"elementor-element elementor-element-7ed46396 elementor-widget elementor-widget-patara-title\" data-id=\"7ed46396\" data-element_type=\"widget\" data-e-type=\"widget\" data-widget_type=\"patara-title.default\">\n\t\t\t\t<div class=\"elementor-widget-container\">\n\t\t\t\t\t\t\t\n\t\t\n\t\t\t\t\t\t\t\n\t\t\t<h4 class=\"section-title black text-left\">Wellness<\/h4>\t\t\t\t\n\t\t\t<div class=\"section-text text-left black\"><p><p data-start=\"0\" data-end=\"323\">Bei <strong data-start=\"4\" data-end=\"27\">Le Bouquet d\u2019Arbres<\/strong> genie\u00dfen Sie Ihren <strong data-start=\"47\" data-end=\"83\">eigenen privaten Wellnessbereich<\/strong>, ganz gleich, ob Sie im Ferienhaus oder in der <strong data-start=\"131\" data-end=\"149\">Wellness Suite<\/strong> \u00fcbernachten. Unser exklusiver Wellnessbereich wurde f\u00fcr <strong data-start=\"206\" data-end=\"233\">vollkommene Entspannung<\/strong> konzipiert und bietet alles, was Sie f\u00fcr eine <strong data-start=\"280\" data-end=\"312\">luxuri\u00f6se Auszeit in Belgien<\/strong> ben\u00f6tigen.<\/p><p data-start=\"325\" data-end=\"598\">Der Bereich umfasst ein <strong data-start=\"349\" data-end=\"372\">beheiztes Hallenbad<\/strong>, einen <strong data-start=\"380\" data-end=\"391\">Jacuzzi<\/strong> sowie eine <strong data-start=\"403\" data-end=\"426\">traditionelle Sauna<\/strong>, die Ihnen w\u00e4hrend Ihres gesamten Aufenthalts frei zur Verf\u00fcgung stehen. <strong data-start=\"500\" data-end=\"552\">Keine gemeinsame Nutzung, keine Zeitbegrenzungen<\/strong> \u2014 nur purer Komfort in v\u00f6lliger Privatsph\u00e4re.<\/p><p data-start=\"600\" data-end=\"970\" data-is-last-node=\"\" data-is-only-node=\"\">Ideal f\u00fcr <strong data-start=\"610\" data-end=\"642\">Paare, Freunde oder Familien<\/strong>, die ein <strong data-start=\"652\" data-end=\"690\">Ferienhaus mit Wellness in Belgien<\/strong> suchen. Dieses Erlebnis vereint <strong data-start=\"723\" data-end=\"766\">Natur, Ruhe und hochwertige Ausstattung<\/strong>. Wenn Sie ein <strong data-start=\"781\" data-end=\"812\">Ferienhaus mit Swimmingpool<\/strong> suchen, in dem Sie ganz in Ihrem eigenen Tempo entspannen k\u00f6nnen, bietet Le Bouquet d\u2019Arbres ein <strong data-start=\"910\" data-end=\"940\">au\u00dfergew\u00f6hnliches Ambiente<\/strong>, umgeben von Wald und Stille.<\/p><\/p><\/div>\n        \n\t\t\t\n        \t\t\t\t<\/div>\n\t\t\t\t<\/div>\n\t\t<div class=\"elementor-element elementor-element-a9a2619 e-con-full e-flex e-con e-child\" data-id=\"a9a2619\" data-element_type=\"container\" data-e-type=\"container\">\n\t\t<div class=\"elementor-element elementor-element-79db418 e-con-full e-flex e-con e-child\" data-id=\"79db418\" data-element_type=\"container\" data-e-type=\"container\">\n\t\t\t\t<div class=\"elementor-element elementor-element-9fc4574 elementor-widget elementor-widget-patara-image\" data-id=\"9fc4574\" data-element_type=\"widget\" data-e-type=\"widget\" data-widget_type=\"patara-image.default\">\n\t\t\t\t<div class=\"elementor-widget-container\">\n\t\t\t\t\t\t\t\n\t\t\t\t\n\n\t\t\t<div class=\"sec-img\">\n\t\t\t\t\t\t\t\t\t\n\t\t\t\t <img decoding=\"async\" src=\"https:\/\/bouquetdarbres.proxim-it.be\/wp-content\/uploads\/2025\/12\/DSC08226-Groot.jpg\" class=\"img-fluid\" alt=\"\"> \n\t\t\t\t\t\n\t\t\t<\/div>\t\t\t\t\t\n\n\t    \t\t\t\n\t\t\n\t\t\t\n        \t\t\t\t<\/div>\n\t\t\t\t<\/div>\n\t\t\t\t<\/div>\n\t\t<div class=\"elementor-element elementor-element-e45c0a8 e-con-full e-flex e-con e-child\" data-id=\"e45c0a8\" data-element_type=\"container\" data-e-type=\"container\">\n\t\t\t\t<div class=\"elementor-element elementor-element-1a2e633 elementor-widget elementor-widget-patara-image\" data-id=\"1a2e633\" data-element_type=\"widget\" data-e-type=\"widget\" data-widget_type=\"patara-image.default\">\n\t\t\t\t<div class=\"elementor-widget-container\">\n\t\t\t\t\t\t\t\n\t\t\t\t\n\n\t\t\t<div class=\"sec-img\">\n\t\t\t\t\t\t\t\t\t\n\t\t\t\t <img decoding=\"async\" src=\"https:\/\/bouquetdarbres.proxim-it.be\/wp-content\/uploads\/2025\/12\/DSC08236-Groot.jpg\" class=\"img-fluid\" alt=\"\"> \n\t\t\t\t\t\n\t\t\t<\/div>\t\t\t\t\t\n\n\t    \t\t\t\n\t\t\n\t\t\t\n        \t\t\t\t<\/div>\n\t\t\t\t<\/div>\n\t\t\t\t<\/div>\n\t\t\t\t<\/div>\n\t\t\t\t<\/div>\n\t\t\t\t\t<\/div>\n\t\t\t\t<\/div>\n\t\t<div class=\"elementor-element elementor-element-1ccca7cd e-flex e-con-boxed e-con e-parent\" data-id=\"1ccca7cd\" data-element_type=\"container\" data-e-type=\"container\" data-settings=\"{&quot;background_background&quot;:&quot;classic&quot;}\">\n\t\t\t\t\t<div class=\"e-con-inner\">\n\t\t<div class=\"elementor-element elementor-element-1ff0ea07 e-con-full e-flex e-con e-child\" data-id=\"1ff0ea07\" data-element_type=\"container\" data-e-type=\"container\">\n\t\t\t\t<div class=\"elementor-element elementor-element-67d8e0ef elementor-widget elementor-widget-patara-title\" data-id=\"67d8e0ef\" data-element_type=\"widget\" data-e-type=\"widget\" data-widget_type=\"patara-title.default\">\n\t\t\t\t<div class=\"elementor-widget-container\">\n\t\t\t\t\t\t\t\n\t\t\t\t\t\t\t\t<div class=\"sub-title border-bot-light\">\n\t\t\tF.A.Q<\/h4><\/div>\n\t\t\t\t\t\n\t\t\t\n        \t\t\t\t<\/div>\n\t\t\t\t<\/div>\n\t\t\t\t<\/div>\n\t\t<div class=\"elementor-element elementor-element-282b7748 e-con-full e-flex e-con e-child\" data-id=\"282b7748\" data-element_type=\"container\" data-e-type=\"container\">\n\t\t\t\t<div class=\"elementor-element elementor-element-2d2cbc1c elementor-widget elementor-widget-patara-title\" data-id=\"2d2cbc1c\" data-element_type=\"widget\" data-e-type=\"widget\" data-widget_type=\"patara-title.default\">\n\t\t\t\t<div class=\"elementor-widget-container\">\n\t\t\t\t\t\t\t\n\t\t\n\t\t\t\t\t\t\t\n\t\t\t<h4 class=\"section-title black text-left\">Spa-Etikette<\/h4>\t\t\t\t\n\t\t\t<div class=\"section-text text-left black\"><p><p>Durch die Einhaltung dieser einfachen Richtlinien helfen Sie uns, f\u00fcr alle G\u00e4ste ein <strong data-start=\"212\" data-end=\"256\">ruhiges und luxuri\u00f6ses Wellness-Erlebnis<\/strong> zu gew\u00e4hrleisten.<\/p><\/p><\/div>\n        \n\t\t\t\n        \t\t\t\t<\/div>\n\t\t\t\t<\/div>\n\t\t\t\t<div class=\"elementor-element elementor-element-b9889e9 elementor-widget elementor-widget-patara-accordion-box\" data-id=\"b9889e9\" data-element_type=\"widget\" data-e-type=\"widget\" data-widget_type=\"patara-accordion-box.default\">\n\t\t\t\t<div class=\"elementor-widget-container\">\n\t\t\t\t\t\n\t\t<div class=\"sec-accordion\">\n\t\t\t<ul class=\"accordion-box clearfix\">\n\t\t\t\t\t\t\t\t\n\t\t\t\t\t<li class=\"accordion block\">\n\t\t\t\t\t\t                            <div class=\"acc-btn\">\n                                Bitte duschen Sie, bevor Sie den Swimmingpool, den Jacuzzi oder die Sauna betreten.                            <\/div>\t\t\t\t\t\t\n\t\t\t\t\t\t\t\n\t\t\t\t\t\t                            <div class=\"acc-content\">\n                                <div class=\"content\">\n                                    <div class=\"text\"><p data-start=\"315\" data-end=\"455\">Dies tr\u00e4gt dazu bei, das Wasser sauber zu halten und die Anlagen in einwandfreiem Zustand zu bewahren.<\/p><p data-start=\"457\" data-end=\"604\">\u00a0<\/p><\/div>\n                                <\/div>\n                            <\/div>\t\t\t\t\t\t\t\t\t\t\t\t\t\n\t\t\t\t\t\t\t\t\t\t\t\t\t\t\t\t\t\n\t\t\t\t\t<\/li>\n\t\t\t\t\t\t\t\t\n\t\t\t\t\t<li class=\"accordion block\">\n\t\t\t\t\t\t                            <div class=\"acc-btn\">\n                                Essen und Getr\u00e4nke sind im Wellnessbereich nicht erlaubt.\n                            <\/div>\t\t\t\t\t\t\n\t\t\t\t\t\t\t\n\t\t\t\t\t\t                            <div class=\"acc-content\">\n                                <div class=\"content\">\n                                    <div class=\"text\"><p data-start=\"457\" data-end=\"604\">Aus Hygiene- und Sicherheitsgr\u00fcnden bitten wir Sie, Snacks und Getr\u00e4nke au\u00dferhalb der Spa-Zone zu genie\u00dfen.<\/p><p data-start=\"606\" data-end=\"714\">\u00a0<\/p><\/div>\n                                <\/div>\n                            <\/div>\t\t\t\t\t\t\t\t\t\t\t\t\t\n\t\t\t\t\t\t\t\t\t\t\t\t\t\t\t\t\t\n\t\t\t\t\t<\/li>\n\t\t\t\t\t\t\t\t\n\t\t\t\t\t<li class=\"accordion block\">\n\t\t\t\t\t\t                            <div class=\"acc-btn\">\n                                Trocknen Sie sich ab, bevor Sie andere Bereiche des Hauses betreten.\n                            <\/div>\t\t\t\t\t\t\n\t\t\t\t\t\t\t\n\t\t\t\t\t\t                            <div class=\"acc-content\">\n                                <div class=\"content\">\n                                    <div class=\"text\"><ul><li data-start=\"655\" data-end=\"784\"><p data-start=\"657\" data-end=\"784\">Dies verhindert Ausrutschen und sch\u00fctzt die B\u00f6den.<\/p><\/li><li data-start=\"786\" data-end=\"996\"><p data-start=\"788\" data-end=\"996\">\u00a0<\/p><\/li><\/ul><\/div>\n                                <\/div>\n                            <\/div>\t\t\t\t\t\t\t\t\t\t\t\t\t\n\t\t\t\t\t\t\t\t\t\t\t\t\t\t\t\t\t\n\t\t\t\t\t<\/li>\n\t\t\t\t\t\t\t\t\n\t\t\t\t\t<li class=\"accordion block\">\n\t\t\t\t\t\t                            <div class=\"acc-btn\">\n                                Halten Sie den Ger\u00e4uschpegel niedrig, insbesondere wenn die Fenster ge\u00f6ffnet sind.\n                            <\/div>\t\t\t\t\t\t\n\t\t\t\t\t\t\t\n\t\t\t\t\t\t                            <div class=\"acc-content\">\n                                <div class=\"content\">\n                                    <div class=\"text\"><p data-start=\"807\" data-end=\"921\">Unser Wellnessbereich ist auf Entspannung ausgelegt \u2014 bitte vermeiden Sie L\u00e4rm, um die Nachbarschaft nicht zu st\u00f6ren.<\/p><p data-start=\"923\" data-end=\"1045\">\u00a0<\/p><\/div>\n                                <\/div>\n                            <\/div>\t\t\t\t\t\t\t\t\t\t\t\t\t\n\t\t\t\t\t\t\t\t\t\t\t\t\t\t\t\t\t\n\t\t\t\t\t<\/li>\n\t\t\t\t\t\t\t\t\n\t\t\t\t\t<li class=\"accordion block\">\n\t\t\t\t\t\t                            <div class=\"acc-btn\">\n                                Kinder m\u00fcssen jederzeit beaufsichtigt werden.                            <\/div>\t\t\t\t\t\t\n\t\t\t\t\t\t\t\n\t\t\t\t\t\t                            <div class=\"acc-content\">\n                                <div class=\"content\">\n                                    <div class=\"text\"><ul data-start=\"276\" data-end=\"1148\"><li data-start=\"998\" data-end=\"1148\"><p data-start=\"1000\" data-end=\"1148\">Der Swimmingpool ist <strong data-start=\"1075\" data-end=\"1098\">nicht beaufsichtigt<\/strong> und liegt vollst\u00e4ndig <strong data-start=\"1121\" data-end=\"1147\">in Ihrer Verantwortung<\/strong>.<\/p><\/li><\/ul><\/div>\n                                <\/div>\n                            <\/div>\t\t\t\t\t\t\t\t\t\t\t\t\t\n\t\t\t\t\t\t\t\t\t\t\t\t\t\t\t\t\t\n\t\t\t\t\t<\/li>\n\t\t\t\t\t\n\t    \t<\/ul>\t\t\n\t\t<\/div>\t\t\n\n        \t\t\t\t<\/div>\n\t\t\t\t<\/div>\n\t\t\t\t<\/div>\n\t\t\t\t\t<\/div>\n\t\t\t\t<\/div>\n\t\t\t\t<\/div>\n\t\t","protected":false},"excerpt":{"rendered":"<p>Ihr privater Wellnessbereich Zeit zum Entspannen Wellness Bei Le Bouquet d\u2019Arbres genie\u00dfen Sie Ihren eigenen privaten Wellnessbereich, ganz gleich, ob Sie im Ferienhaus oder in der Wellness Suite \u00fcbernachten. Unser exklusiver Wellnessbereich wurde f\u00fcr vollkommene Entspannung konzipiert und bietet alles, was Sie f\u00fcr eine luxuri\u00f6se Auszeit in Belgien ben\u00f6tigen. Der Bereich umfasst ein beheiztes Hallenbad, einen Jacuzzi sowie eine traditionelle<\/p>\n","protected":false},"author":2,"featured_media":0,"parent":0,"menu_order":0,"comment_status":"closed","ping_status":"closed","template":"","meta":{"footnotes":"","_links_to":"","_links_to_target":""},"class_list":["post-3596","page","type-page","status-publish","hentry"],"yoast_head":"<!-- This site is optimized with the Yoast SEO plugin v27.1.1 - https:\/\/yoast.com\/product\/yoast-seo-wordpress\/ -->\n<title>Wellness - Bouquet d&#039;Arbres<\/title>\n<meta name=\"robots\" content=\"index, follow, max-snippet:-1, max-image-preview:large, max-video-preview:-1\" \/>\n<link rel=\"canonical\" href=\"https:\/\/www.bouquetdarbres.com\/de\/spa-wellness\/\" \/>\n<meta property=\"og:locale\" content=\"de_DE\" \/>\n<meta property=\"og:type\" content=\"article\" \/>\n<meta property=\"og:title\" content=\"Wellness - Bouquet d&#039;Arbres\" \/>\n<meta property=\"og:description\" content=\"Ihr privater Wellnessbereich Zeit zum Entspannen Wellness Bei Le Bouquet d\u2019Arbres genie\u00dfen Sie Ihren eigenen privaten Wellnessbereich, ganz gleich, ob Sie im Ferienhaus oder in der Wellness Suite \u00fcbernachten. Unser exklusiver Wellnessbereich wurde f\u00fcr vollkommene Entspannung konzipiert und bietet alles, was Sie f\u00fcr eine luxuri\u00f6se Auszeit in Belgien ben\u00f6tigen. Der Bereich umfasst ein beheiztes Hallenbad, einen Jacuzzi sowie eine traditionelle\" \/>\n<meta property=\"og:url\" content=\"https:\/\/www.bouquetdarbres.com\/de\/spa-wellness\/\" \/>\n<meta property=\"og:site_name\" content=\"Bouquet d&#039;Arbres\" \/>\n<meta property=\"article:publisher\" content=\"https:\/\/www.facebook.com\/LeBouquetDArbres\/\" \/>\n<meta property=\"article:modified_time\" content=\"2026-01-20T14:35:33+00:00\" \/>\n<meta property=\"og:image\" content=\"https:\/\/bouquetdarbres.proxim-it.be\/wp-content\/uploads\/2025\/12\/DSC08226-Groot.jpg\" \/>\n<meta name=\"twitter:card\" content=\"summary_large_image\" \/>\n<meta name=\"twitter:label1\" content=\"Gesch\u00e4tzte Lesezeit\" \/>\n\t<meta name=\"twitter:data1\" content=\"2\u00a0Minuten\" \/>\n<script type=\"application\/ld+json\" class=\"yoast-schema-graph\">{\"@context\":\"https:\/\/schema.org\",\"@graph\":[{\"@type\":\"WebPage\",\"@id\":\"https:\/\/www.bouquetdarbres.com\/de\/spa-wellness\/\",\"url\":\"https:\/\/www.bouquetdarbres.com\/de\/spa-wellness\/\",\"name\":\"Wellness - Bouquet d&#039;Arbres\",\"isPartOf\":{\"@id\":\"https:\/\/www.bouquetdarbres.com\/de\/#website\"},\"primaryImageOfPage\":{\"@id\":\"https:\/\/www.bouquetdarbres.com\/de\/spa-wellness\/#primaryimage\"},\"image\":{\"@id\":\"https:\/\/www.bouquetdarbres.com\/de\/spa-wellness\/#primaryimage\"},\"thumbnailUrl\":\"https:\/\/bouquetdarbres.proxim-it.be\/wp-content\/uploads\/2025\/12\/DSC08226-Groot.jpg\",\"datePublished\":\"2023-10-21T22:25:19+00:00\",\"dateModified\":\"2026-01-20T14:35:33+00:00\",\"breadcrumb\":{\"@id\":\"https:\/\/www.bouquetdarbres.com\/de\/spa-wellness\/#breadcrumb\"},\"inLanguage\":\"de\",\"potentialAction\":[{\"@type\":\"ReadAction\",\"target\":[\"https:\/\/www.bouquetdarbres.com\/de\/spa-wellness\/\"]}]},{\"@type\":\"ImageObject\",\"inLanguage\":\"de\",\"@id\":\"https:\/\/www.bouquetdarbres.com\/de\/spa-wellness\/#primaryimage\",\"url\":\"https:\/\/bouquetdarbres.proxim-it.be\/wp-content\/uploads\/2025\/12\/DSC08226-Groot.jpg\",\"contentUrl\":\"https:\/\/bouquetdarbres.proxim-it.be\/wp-content\/uploads\/2025\/12\/DSC08226-Groot.jpg\"},{\"@type\":\"BreadcrumbList\",\"@id\":\"https:\/\/www.bouquetdarbres.com\/de\/spa-wellness\/#breadcrumb\",\"itemListElement\":[{\"@type\":\"ListItem\",\"position\":1,\"name\":\"Home\",\"item\":\"https:\/\/www.bouquetdarbres.com\/de\/home\/\"},{\"@type\":\"ListItem\",\"position\":2,\"name\":\"Wellness\"}]},{\"@type\":\"WebSite\",\"@id\":\"https:\/\/www.bouquetdarbres.com\/de\/#website\",\"url\":\"https:\/\/www.bouquetdarbres.com\/de\/\",\"name\":\"Le Bouquet d'Arbres\",\"description\":\"Holiday Home - Villers-la-Ville\",\"publisher\":{\"@id\":\"https:\/\/www.bouquetdarbres.com\/de\/#organization\"},\"potentialAction\":[{\"@type\":\"SearchAction\",\"target\":{\"@type\":\"EntryPoint\",\"urlTemplate\":\"https:\/\/www.bouquetdarbres.com\/de\/?s={search_term_string}\"},\"query-input\":{\"@type\":\"PropertyValueSpecification\",\"valueRequired\":true,\"valueName\":\"search_term_string\"}}],\"inLanguage\":\"de\"},{\"@type\":\"Organization\",\"@id\":\"https:\/\/www.bouquetdarbres.com\/de\/#organization\",\"name\":\"Bouquet d'Arbres\",\"url\":\"https:\/\/www.bouquetdarbres.com\/de\/\",\"logo\":{\"@type\":\"ImageObject\",\"inLanguage\":\"de\",\"@id\":\"https:\/\/www.bouquetdarbres.com\/de\/#\/schema\/logo\/image\/\",\"url\":\"https:\/\/www.bouquetdarbres.com\/wp-content\/uploads\/2025\/08\/logo-bouquet-darbres.png\",\"contentUrl\":\"https:\/\/www.bouquetdarbres.com\/wp-content\/uploads\/2025\/08\/logo-bouquet-darbres.png\",\"width\":558,\"height\":154,\"caption\":\"Bouquet d'Arbres\"},\"image\":{\"@id\":\"https:\/\/www.bouquetdarbres.com\/de\/#\/schema\/logo\/image\/\"},\"sameAs\":[\"https:\/\/www.facebook.com\/LeBouquetDArbres\/\",\"https:\/\/www.instagram.com\/lebouquetdarbres\/\"]}]}<\/script>\n<!-- \/ Yoast SEO plugin. -->","yoast_head_json":{"title":"Wellness - Bouquet d&#039;Arbres","robots":{"index":"index","follow":"follow","max-snippet":"max-snippet:-1","max-image-preview":"max-image-preview:large","max-video-preview":"max-video-preview:-1"},"canonical":"https:\/\/www.bouquetdarbres.com\/de\/spa-wellness\/","og_locale":"de_DE","og_type":"article","og_title":"Wellness - Bouquet d&#039;Arbres","og_description":"Ihr privater Wellnessbereich Zeit zum Entspannen Wellness Bei Le Bouquet d\u2019Arbres genie\u00dfen Sie Ihren eigenen privaten Wellnessbereich, ganz gleich, ob Sie im Ferienhaus oder in der Wellness Suite \u00fcbernachten. Unser exklusiver Wellnessbereich wurde f\u00fcr vollkommene Entspannung konzipiert und bietet alles, was Sie f\u00fcr eine luxuri\u00f6se Auszeit in Belgien ben\u00f6tigen. Der Bereich umfasst ein beheiztes Hallenbad, einen Jacuzzi sowie eine traditionelle","og_url":"https:\/\/www.bouquetdarbres.com\/de\/spa-wellness\/","og_site_name":"Bouquet d&#039;Arbres","article_publisher":"https:\/\/www.facebook.com\/LeBouquetDArbres\/","article_modified_time":"2026-01-20T14:35:33+00:00","og_image":[{"url":"https:\/\/bouquetdarbres.proxim-it.be\/wp-content\/uploads\/2025\/12\/DSC08226-Groot.jpg","type":"","width":"","height":""}],"twitter_card":"summary_large_image","twitter_misc":{"Gesch\u00e4tzte Lesezeit":"2\u00a0Minuten"},"schema":{"@context":"https:\/\/schema.org","@graph":[{"@type":"WebPage","@id":"https:\/\/www.bouquetdarbres.com\/de\/spa-wellness\/","url":"https:\/\/www.bouquetdarbres.com\/de\/spa-wellness\/","name":"Wellness - Bouquet d&#039;Arbres","isPartOf":{"@id":"https:\/\/www.bouquetdarbres.com\/de\/#website"},"primaryImageOfPage":{"@id":"https:\/\/www.bouquetdarbres.com\/de\/spa-wellness\/#primaryimage"},"image":{"@id":"https:\/\/www.bouquetdarbres.com\/de\/spa-wellness\/#primaryimage"},"thumbnailUrl":"https:\/\/bouquetdarbres.proxim-it.be\/wp-content\/uploads\/2025\/12\/DSC08226-Groot.jpg","datePublished":"2023-10-21T22:25:19+00:00","dateModified":"2026-01-20T14:35:33+00:00","breadcrumb":{"@id":"https:\/\/www.bouquetdarbres.com\/de\/spa-wellness\/#breadcrumb"},"inLanguage":"de","potentialAction":[{"@type":"ReadAction","target":["https:\/\/www.bouquetdarbres.com\/de\/spa-wellness\/"]}]},{"@type":"ImageObject","inLanguage":"de","@id":"https:\/\/www.bouquetdarbres.com\/de\/spa-wellness\/#primaryimage","url":"https:\/\/bouquetdarbres.proxim-it.be\/wp-content\/uploads\/2025\/12\/DSC08226-Groot.jpg","contentUrl":"https:\/\/bouquetdarbres.proxim-it.be\/wp-content\/uploads\/2025\/12\/DSC08226-Groot.jpg"},{"@type":"BreadcrumbList","@id":"https:\/\/www.bouquetdarbres.com\/de\/spa-wellness\/#breadcrumb","itemListElement":[{"@type":"ListItem","position":1,"name":"Home","item":"https:\/\/www.bouquetdarbres.com\/de\/home\/"},{"@type":"ListItem","position":2,"name":"Wellness"}]},{"@type":"WebSite","@id":"https:\/\/www.bouquetdarbres.com\/de\/#website","url":"https:\/\/www.bouquetdarbres.com\/de\/","name":"Le Bouquet d'Arbres","description":"Holiday Home - Villers-la-Ville","publisher":{"@id":"https:\/\/www.bouquetdarbres.com\/de\/#organization"},"potentialAction":[{"@type":"SearchAction","target":{"@type":"EntryPoint","urlTemplate":"https:\/\/www.bouquetdarbres.com\/de\/?s={search_term_string}"},"query-input":{"@type":"PropertyValueSpecification","valueRequired":true,"valueName":"search_term_string"}}],"inLanguage":"de"},{"@type":"Organization","@id":"https:\/\/www.bouquetdarbres.com\/de\/#organization","name":"Bouquet d'Arbres","url":"https:\/\/www.bouquetdarbres.com\/de\/","logo":{"@type":"ImageObject","inLanguage":"de","@id":"https:\/\/www.bouquetdarbres.com\/de\/#\/schema\/logo\/image\/","url":"https:\/\/www.bouquetdarbres.com\/wp-content\/uploads\/2025\/08\/logo-bouquet-darbres.png","contentUrl":"https:\/\/www.bouquetdarbres.com\/wp-content\/uploads\/2025\/08\/logo-bouquet-darbres.png","width":558,"height":154,"caption":"Bouquet d'Arbres"},"image":{"@id":"https:\/\/www.bouquetdarbres.com\/de\/#\/schema\/logo\/image\/"},"sameAs":["https:\/\/www.facebook.com\/LeBouquetDArbres\/","https:\/\/www.instagram.com\/lebouquetdarbres\/"]}]}},"meta_box":[],"_links":{"self":[{"href":"https:\/\/www.bouquetdarbres.com\/de\/wp-json\/wp\/v2\/pages\/3596","targetHints":{"allow":["GET"]}}],"collection":[{"href":"https:\/\/www.bouquetdarbres.com\/de\/wp-json\/wp\/v2\/pages"}],"about":[{"href":"https:\/\/www.bouquetdarbres.com\/de\/wp-json\/wp\/v2\/types\/page"}],"author":[{"embeddable":true,"href":"https:\/\/www.bouquetdarbres.com\/de\/wp-json\/wp\/v2\/users\/2"}],"replies":[{"embeddable":true,"href":"https:\/\/www.bouquetdarbres.com\/de\/wp-json\/wp\/v2\/comments?post=3596"}],"version-history":[{"count":4,"href":"https:\/\/www.bouquetdarbres.com\/de\/wp-json\/wp\/v2\/pages\/3596\/revisions"}],"predecessor-version":[{"id":3853,"href":"https:\/\/www.bouquetdarbres.com\/de\/wp-json\/wp\/v2\/pages\/3596\/revisions\/3853"}],"wp:attachment":[{"href":"https:\/\/www.bouquetdarbres.com\/de\/wp-json\/wp\/v2\/media?parent=3596"}],"curies":[{"name":"wp","href":"https:\/\/api.w.org\/{rel}","templated":true}]}}