{"id":3588,"date":"2023-10-23T21:39:27","date_gmt":"2023-10-23T21:39:27","guid":{"rendered":"https:\/\/bouquetdarbres.proxim-it.be\/faq\/"},"modified":"2026-01-20T14:41:01","modified_gmt":"2026-01-20T14:41:01","slug":"faq","status":"publish","type":"page","link":"https:\/\/www.bouquetdarbres.com\/de\/faq\/","title":{"rendered":"Faq"},"content":{"rendered":"\t\t<div data-elementor-type=\"wp-page\" data-elementor-id=\"3588\" class=\"elementor elementor-3588 elementor-1377\">\n\t\t\t\t<div class=\"elementor-element elementor-element-bec943e e-con-full e-flex e-con e-parent\" data-id=\"bec943e\" data-element_type=\"container\" data-e-type=\"container\" data-settings=\"{&quot;background_background&quot;:&quot;classic&quot;}\">\n\t\t\t\t<div class=\"elementor-element elementor-element-7be6114f elementor-widget elementor-widget-patara-banner-image\" data-id=\"7be6114f\" data-element_type=\"widget\" data-e-type=\"widget\" data-widget_type=\"patara-banner-image.default\">\n\t\t\t\t<div class=\"elementor-widget-container\">\n\t\t\t\t\t\t\t\n\t<!-- Header Banner -->\n\t<header class=\"header\">\n\n\t\t\t\t<div class=\"banner-header full-height valign bg-img bg-fixed text-center\" data-overlay-dark=\"5\" data-background=\"https:\/\/bouquetdarbres.proxim-it.be\/wp-content\/uploads\/2025\/11\/Drone-vue-den-haut-Large.jpeg\">\n\t\t\t\t\t\t\t\t\t\t\t\t<div class=\"container\">\n\t\t\t\t\t<div class=\"row\">\n\t\t\t\t\t\t<div class=\"col-md-12 offset-0\">\n\t\t\t\t\t\t\t<div class=\"caption\">\n\n\t\t\t\t\t\t\t\t\t\t\t\t\t\t\t\t\n\t\t\t\t\t\t\t\t\n\t\t\t\t\t\t\t\t\t\t\t\t\t\t\t\t<h4 class=\"pt-slider-title1-class\">Beliebte Fragen<\/h4>\n\t\t\t\t\t\t\t\t\t\t\t\t\t\t\t\t\t\t\t\t\t\t\t\t<h1 class=\"pt-slider-title2-class\">F.A.Q<\/h1>\n\t\t\t\t\t\t\t\t\t\t\t\t\t\t\t\t\t\t\t\t\t\t\t<\/div>\t\t\t\t\t\t\n\t\t\t\t\t\t<\/div>\t\t\t\t\t\t\n\t\t\t\t\t<\/div>\n\t\t\t\t<\/div>\n\t\t\t\t\t\t\t\t<!-- button scroll -->\n\t\t\t\t<a href=\"#faq\" data-scroll-nav=\"1\" class=\"mouse smoothscroll\">\n\t\t\t\t\t<span class=\"mouse-icon\">\n\t\t\t\t\t\t<span class=\"mouse-wheel\"><\/span>\n\t\t\t\t\t<\/span>\n\t\t\t\t<\/a>\t\n\t\t\t\t\t\t\t\t\t\n\t\t\t\t\t\t\n        <\/div>\t\t\t\n\t<\/header>\t\t\n\t\t\t\n    \t\t\t\t<\/div>\n\t\t\t\t<\/div>\n\t\t\t\t<\/div>\n\t\t<div class=\"elementor-element elementor-element-124f48d e-flex e-con-boxed e-con e-parent\" data-id=\"124f48d\" data-element_type=\"container\" data-e-type=\"container\" id=\"faq\">\n\t\t\t\t\t<div class=\"e-con-inner\">\n\t\t<div class=\"elementor-element elementor-element-5330ba9 e-con-full e-flex e-con e-child\" data-id=\"5330ba9\" data-element_type=\"container\" data-e-type=\"container\">\n\t\t\t\t<div class=\"elementor-element elementor-element-3b16559 elementor-widget elementor-widget-patara-accordion-box\" data-id=\"3b16559\" data-element_type=\"widget\" data-e-type=\"widget\" data-widget_type=\"patara-accordion-box.default\">\n\t\t\t\t<div class=\"elementor-widget-container\">\n\t\t\t\t\t\n\t\t<div class=\"sec-accordion\">\n\t\t\t<ul class=\"accordion-box clearfix\">\n\t\t\t\t\t\t\t\t\n\t\t\t\t\t<li class=\"accordion block\">\n\t\t\t\t\t\t                            <div class=\"acc-btn\">\n                                Wie viele G\u00e4ste k\u00f6nnen in der Ferienunterkunft \u00fcbernachten?                            <\/div>\t\t\t\t\t\t\n\t\t\t\t\t\t\t\n\t\t\t\t\t\t                            <div class=\"acc-content\">\n                                <div class=\"content\">\n                                    <div class=\"text\"><p data-start=\"240\" data-end=\"392\">Das Ferienhaus bietet Platz f\u00fcr <strong data-start=\"272\" data-end=\"291\">maximal 8 G\u00e4ste<\/strong>, mit der M\u00f6glichkeit, <strong data-start=\"314\" data-end=\"344\">ein zus\u00e4tzliches Kleinkind<\/strong> dank des <strong data-start=\"354\" data-end=\"379\">verf\u00fcgbaren Babybetts<\/strong> aufzunehmen.<\/p><\/div>\n                                <\/div>\n                            <\/div>\t\t\t\t\t\t\t\t\t\t\t\t\t\n\t\t\t\t\t\t\t\t\t\t\t\t\t\t\t\t\t\n\t\t\t\t\t<\/li>\n\t\t\t\t\t\t\t\t\n\t\t\t\t\t<li class=\"accordion block\">\n\t\t\t\t\t\t                            <div class=\"acc-btn\">\n                                Sind Haustiere erlaubt?                            <\/div>\t\t\t\t\t\t\n\t\t\t\t\t\t\t\n\t\t\t\t\t\t                            <div class=\"acc-content\">\n                                <div class=\"content\">\n                                    <div class=\"text\"><p>Ja, <strong data-start=\"437\" data-end=\"449\">ein Hund<\/strong> ist im Ferienhaus willkommen.<br data-start=\"479\" data-end=\"482\" \/>F\u00fcr den Komfort aller sind Haustiere <strong data-start=\"519\" data-end=\"541\">im Wellnessbereich<\/strong>, sowie <strong data-start=\"549\" data-end=\"580\">auf den Betten und dem Sofa<\/strong>, <strong data-start=\"582\" data-end=\"599\">nicht erlaubt<\/strong>.<\/p><\/div>\n                                <\/div>\n                            <\/div>\t\t\t\t\t\t\t\t\t\t\t\t\t\n\t\t\t\t\t\t\t\t\t\t\t\t\t\t\t\t\t\n\t\t\t\t\t<\/li>\n\t\t\t\t\t\t\t\t\n\t\t\t\t\t<li class=\"accordion block\">\n\t\t\t\t\t\t                            <div class=\"acc-btn\">\n                                Welche Check-in- und Check-out-Zeiten gelten?                            <\/div>\t\t\t\t\t\t\n\t\t\t\t\t\t\t\n\t\t\t\t\t\t                            <div class=\"acc-content\">\n                                <div class=\"content\">\n                                    <div class=\"text\"><p><strong data-start=\"749\" data-end=\"761\">Check-in<\/strong>: ab <strong data-start=\"766\" data-end=\"779\">16:00 Uhr<\/strong><br data-start=\"779\" data-end=\"782\" \/><strong data-start=\"782\" data-end=\"795\">Check-out<\/strong>: bis <strong data-start=\"801\" data-end=\"814\">10:00 Uhr<\/strong><\/p><\/div>\n                                <\/div>\n                            <\/div>\t\t\t\t\t\t\t\t\t\t\t\t\t\n\t\t\t\t\t\t\t\t\t\t\t\t\t\t\t\t\t\n\t\t\t\t\t<\/li>\n\t\t\t\t\t\t\t\t\n\t\t\t\t\t<li class=\"accordion block\">\n\t\t\t\t\t\t                            <div class=\"acc-btn\">\n                                Gibt es Parkm\u00f6glichkeiten?                            <\/div>\t\t\t\t\t\t\n\t\t\t\t\t\t\t\n\t\t\t\t\t\t                            <div class=\"acc-content\">\n                                <div class=\"content\">\n                                    <div class=\"text\"><p>Ja, <strong data-start=\"862\" data-end=\"923\">Parkpl\u00e4tze stehen direkt vor dem Ferienhaus zur Verf\u00fcgung<\/strong>.<br data-start=\"924\" data-end=\"927\" \/>Es gibt <strong data-start=\"935\" data-end=\"956\">keine Ladestation<\/strong> f\u00fcr Elektrofahrzeuge.<\/p><\/div>\n                                <\/div>\n                            <\/div>\t\t\t\t\t\t\t\t\t\t\t\t\t\n\t\t\t\t\t\t\t\t\t\t\t\t\t\t\t\t\t\n\t\t\t\t\t<\/li>\n\t\t\t\t\t\t\t\t\n\t\t\t\t\t<li class=\"accordion block\">\n\t\t\t\t\t\t                            <div class=\"acc-btn\">\n                                Ist die K\u00fcche vollst\u00e4ndig ausgestattet?                            <\/div>\t\t\t\t\t\t\n\t\t\t\t\t\t\t\n\t\t\t\t\t\t                            <div class=\"acc-content\">\n                                <div class=\"content\">\n                                    <div class=\"text\"><p>Ja, die K\u00fcche ist <strong data-start=\"1053\" data-end=\"1078\">sehr gut ausgestattet<\/strong> und verf\u00fcgt \u00fcber einen <strong data-start=\"1102\" data-end=\"1113\">Toaster<\/strong>, <strong data-start=\"1115\" data-end=\"1124\">Mixer<\/strong>, <strong data-start=\"1126\" data-end=\"1142\">Wasserkocher<\/strong>, einen <strong data-start=\"1150\" data-end=\"1169\">gro\u00dfen Backofen<\/strong>, ein <strong data-start=\"1175\" data-end=\"1187\">Kochfeld<\/strong>, eine <strong data-start=\"1194\" data-end=\"1229\">Nespresso- und Espressomaschine<\/strong> sowie einen <strong data-start=\"1242\" data-end=\"1264\">gro\u00dfen K\u00fchlschrank<\/strong>.<br data-start=\"1265\" data-end=\"1268\" \/>Au\u00dferdem stehen Ihnen ein <strong data-start=\"1294\" data-end=\"1309\">Abstellraum<\/strong>, ein <strong data-start=\"1315\" data-end=\"1333\">Geschirrsp\u00fcler<\/strong> und <strong data-start=\"1338\" data-end=\"1379\">s\u00e4mtliches Geschirr und K\u00fcchenzubeh\u00f6r<\/strong> f\u00fcr Ihren Aufenthalt zur Verf\u00fcgung.<\/p><\/div>\n                                <\/div>\n                            <\/div>\t\t\t\t\t\t\t\t\t\t\t\t\t\n\t\t\t\t\t\t\t\t\t\t\t\t\t\t\t\t\t\n\t\t\t\t\t<\/li>\n\t\t\t\t\t\t\t\t\n\t\t\t\t\t<li class=\"accordion block\">\n\t\t\t\t\t\t                            <div class=\"acc-btn\">\n                                Gibt es ein Babybett oder einen Hochstuhl?                            <\/div>\t\t\t\t\t\t\n\t\t\t\t\t\t\t\n\t\t\t\t\t\t                            <div class=\"acc-content\">\n                                <div class=\"content\">\n                                    <div class=\"text\"><p data-start=\"1475\" data-end=\"1545\">Ja, <strong data-start=\"1479\" data-end=\"1513\">ein Babybett und ein Hochstuhl<\/strong> sind <strong data-start=\"1519\" data-end=\"1534\">auf Anfrage<\/strong> verf\u00fcgbar.<\/p><\/div>\n                                <\/div>\n                            <\/div>\t\t\t\t\t\t\t\t\t\t\t\t\t\n\t\t\t\t\t\t\t\t\t\t\t\t\t\t\t\t\t\n\t\t\t\t\t<\/li>\n\t\t\t\t\t\t\t\t\n\t\t\t\t\t<li class=\"accordion block\">\n\t\t\t\t\t\t                            <div class=\"acc-btn\">\n                                Ist eine Kaution erforderlich?                            <\/div>\t\t\t\t\t\t\n\t\t\t\t\t\t\t\n\t\t\t\t\t\t                            <div class=\"acc-content\">\n                                <div class=\"content\">\n                                    <div class=\"text\"><p>Ja, bei der Ankunft ist eine <strong data-start=\"1622\" data-end=\"1645\">Kaution von 1.000 \u20ac<\/strong> zu hinterlegen, zahlbar <strong data-start=\"1670\" data-end=\"1689\">per Kreditkarte<\/strong>.<br data-start=\"1690\" data-end=\"1693\" \/>Die Kaution wird <strong data-start=\"1710\" data-end=\"1755\">am Ende Ihres Aufenthalts zur\u00fcckerstattet<\/strong>, vorbehaltlich einer ordnungsgem\u00e4\u00dfen \u00dcbergabe.<\/p><\/div>\n                                <\/div>\n                            <\/div>\t\t\t\t\t\t\t\t\t\t\t\t\t\n\t\t\t\t\t\t\t\t\t\t\t\t\t\t\t\t\t\n\t\t\t\t\t<\/li>\n\t\t\t\t\t\t\t\t\n\t\t\t\t\t<li class=\"accordion block\">\n\t\t\t\t\t\t                            <div class=\"acc-btn\">\n                                Wie lauten Ihre Stornierungsbedingungen?                            <\/div>\t\t\t\t\t\t\n\t\t\t\t\t\t\t\n\t\t\t\t\t\t                            <div class=\"acc-content\">\n                                <div class=\"content\">\n                                    <div class=\"text\"><p>Alle Buchungen sind <strong data-start=\"1880\" data-end=\"1906\">nicht erstattungsf\u00e4hig<\/strong>.<br data-start=\"1907\" data-end=\"1910\" \/>Bei der Buchung ist eine <strong data-start=\"1935\" data-end=\"1957\">Anzahlung von 30 %<\/strong> zu leisten, der <strong data-start=\"1974\" data-end=\"1997\">Restbetrag von 70 %<\/strong> muss <strong data-start=\"2003\" data-end=\"2030\">21 Tage vor der Ankunft<\/strong> bezahlt werden.<br data-start=\"2046\" data-end=\"2049\" \/>Sie erhalten hierzu einen <strong data-start=\"2075\" data-end=\"2102\">Zahlungslink per E-Mail<\/strong>.<\/p><\/div>\n                                <\/div>\n                            <\/div>\t\t\t\t\t\t\t\t\t\t\t\t\t\n\t\t\t\t\t\t\t\t\t\t\t\t\t\t\t\t\t\n\t\t\t\t\t<\/li>\n\t\t\t\t\t\t\t\t\n\t\t\t\t\t<li class=\"accordion block\">\n\t\t\t\t\t\t                            <div class=\"acc-btn\">\n                                Kann ich meine Buchungsdaten \u00e4ndern?                            <\/div>\t\t\t\t\t\t\n\t\t\t\t\t\t\t\n\t\t\t\t\t\t                            <div class=\"acc-content\">\n                                <div class=\"content\">\n                                    <div class=\"text\"><p data-start=\"2157\" data-end=\"2220\">Ja, <strong data-start=\"2161\" data-end=\"2176\">auf Anfrage<\/strong> und <strong data-start=\"2181\" data-end=\"2219\">mindestens 21 Tage vor der Ankunft<\/strong>.<\/p><\/div>\n                                <\/div>\n                            <\/div>\t\t\t\t\t\t\t\t\t\t\t\t\t\n\t\t\t\t\t\t\t\t\t\t\t\t\t\t\t\t\t\n\t\t\t\t\t<\/li>\n\t\t\t\t\t\n\t    \t<\/ul>\t\t\n\t\t<\/div>\t\t\n\n        \t\t\t\t<\/div>\n\t\t\t\t<\/div>\n\t\t\t\t<\/div>\n\t\t<div class=\"elementor-element elementor-element-ebb2635 e-con-full e-flex e-con e-child\" data-id=\"ebb2635\" data-element_type=\"container\" data-e-type=\"container\">\n\t\t\t\t<div class=\"elementor-element elementor-element-76c188c elementor-widget elementor-widget-patara-image\" data-id=\"76c188c\" data-element_type=\"widget\" data-e-type=\"widget\" data-widget_type=\"patara-image.default\">\n\t\t\t\t<div class=\"elementor-widget-container\">\n\t\t\t\t\t\t\t\n\t\t\t\t\n\n\t\t\t<div class=\"sec-img\">\n\t\t\t\t\t\t\t\t\t\n\t\t\t\t <img decoding=\"async\" src=\"https:\/\/bouquetdarbres.proxim-it.be\/wp-content\/uploads\/2025\/11\/Photo-automne-cote-Large.jpeg\" class=\"img-fluid\" alt=\"\"> \n\t\t\t\t\t\n\t\t\t<\/div>\t\t\t\t\t\n\n\t    \t\t\t\n\t\t\n\t\t\t\n        \t\t\t\t<\/div>\n\t\t\t\t<\/div>\n\t\t\t\t<\/div>\n\t\t\t\t\t<\/div>\n\t\t\t\t<\/div>\n\t\t\t\t<\/div>\n\t\t","protected":false},"excerpt":{"rendered":"<p>Beliebte Fragen F.A.Q Wie viele G\u00e4ste k\u00f6nnen in der Ferienunterkunft \u00fcbernachten? Das Ferienhaus bietet Platz f\u00fcr maximal 8 G\u00e4ste, mit der M\u00f6glichkeit, ein zus\u00e4tzliches Kleinkind dank des verf\u00fcgbaren Babybetts aufzunehmen. Sind Haustiere erlaubt? Ja, ein Hund ist im Ferienhaus willkommen.F\u00fcr den Komfort aller sind Haustiere im Wellnessbereich, sowie auf den Betten und dem Sofa, nicht erlaubt. Welche Check-in- und Check-out-Zeiten<\/p>\n","protected":false},"author":2,"featured_media":0,"parent":0,"menu_order":0,"comment_status":"closed","ping_status":"closed","template":"","meta":{"footnotes":"","_links_to":"","_links_to_target":""},"class_list":["post-3588","page","type-page","status-publish","hentry"],"yoast_head":"<!-- This site is optimized with the Yoast SEO plugin v27.1.1 - https:\/\/yoast.com\/product\/yoast-seo-wordpress\/ -->\n<title>Faq - Bouquet d&#039;Arbres<\/title>\n<meta name=\"robots\" content=\"index, follow, max-snippet:-1, max-image-preview:large, max-video-preview:-1\" \/>\n<link rel=\"canonical\" href=\"https:\/\/www.bouquetdarbres.com\/de\/faq\/\" \/>\n<meta property=\"og:locale\" content=\"de_DE\" \/>\n<meta property=\"og:type\" content=\"article\" \/>\n<meta property=\"og:title\" content=\"Faq - Bouquet d&#039;Arbres\" \/>\n<meta property=\"og:description\" content=\"Beliebte Fragen F.A.Q Wie viele G\u00e4ste k\u00f6nnen in der Ferienunterkunft \u00fcbernachten? Das Ferienhaus bietet Platz f\u00fcr maximal 8 G\u00e4ste, mit der M\u00f6glichkeit, ein zus\u00e4tzliches Kleinkind dank des verf\u00fcgbaren Babybetts aufzunehmen. Sind Haustiere erlaubt? Ja, ein Hund ist im Ferienhaus willkommen.F\u00fcr den Komfort aller sind Haustiere im Wellnessbereich, sowie auf den Betten und dem Sofa, nicht erlaubt. Welche Check-in- und Check-out-Zeiten\" \/>\n<meta property=\"og:url\" content=\"https:\/\/www.bouquetdarbres.com\/de\/faq\/\" \/>\n<meta property=\"og:site_name\" content=\"Bouquet d&#039;Arbres\" \/>\n<meta property=\"article:publisher\" content=\"https:\/\/www.facebook.com\/LeBouquetDArbres\/\" \/>\n<meta property=\"article:modified_time\" content=\"2026-01-20T14:41:01+00:00\" \/>\n<meta property=\"og:image\" content=\"https:\/\/bouquetdarbres.proxim-it.be\/wp-content\/uploads\/2025\/11\/Photo-automne-cote-Large.jpeg\" \/>\n<meta name=\"twitter:card\" content=\"summary_large_image\" \/>\n<meta name=\"twitter:label1\" content=\"Gesch\u00e4tzte Lesezeit\" \/>\n\t<meta name=\"twitter:data1\" content=\"1\u00a0Minute\" \/>\n<script type=\"application\/ld+json\" class=\"yoast-schema-graph\">{\"@context\":\"https:\/\/schema.org\",\"@graph\":[{\"@type\":\"WebPage\",\"@id\":\"https:\/\/www.bouquetdarbres.com\/de\/faq\/\",\"url\":\"https:\/\/www.bouquetdarbres.com\/de\/faq\/\",\"name\":\"Faq - Bouquet d&#039;Arbres\",\"isPartOf\":{\"@id\":\"https:\/\/www.bouquetdarbres.com\/de\/#website\"},\"primaryImageOfPage\":{\"@id\":\"https:\/\/www.bouquetdarbres.com\/de\/faq\/#primaryimage\"},\"image\":{\"@id\":\"https:\/\/www.bouquetdarbres.com\/de\/faq\/#primaryimage\"},\"thumbnailUrl\":\"https:\/\/bouquetdarbres.proxim-it.be\/wp-content\/uploads\/2025\/11\/Photo-automne-cote-Large.jpeg\",\"datePublished\":\"2023-10-23T21:39:27+00:00\",\"dateModified\":\"2026-01-20T14:41:01+00:00\",\"breadcrumb\":{\"@id\":\"https:\/\/www.bouquetdarbres.com\/de\/faq\/#breadcrumb\"},\"inLanguage\":\"de\",\"potentialAction\":[{\"@type\":\"ReadAction\",\"target\":[\"https:\/\/www.bouquetdarbres.com\/de\/faq\/\"]}]},{\"@type\":\"ImageObject\",\"inLanguage\":\"de\",\"@id\":\"https:\/\/www.bouquetdarbres.com\/de\/faq\/#primaryimage\",\"url\":\"https:\/\/bouquetdarbres.proxim-it.be\/wp-content\/uploads\/2025\/11\/Photo-automne-cote-Large.jpeg\",\"contentUrl\":\"https:\/\/bouquetdarbres.proxim-it.be\/wp-content\/uploads\/2025\/11\/Photo-automne-cote-Large.jpeg\"},{\"@type\":\"BreadcrumbList\",\"@id\":\"https:\/\/www.bouquetdarbres.com\/de\/faq\/#breadcrumb\",\"itemListElement\":[{\"@type\":\"ListItem\",\"position\":1,\"name\":\"Home\",\"item\":\"https:\/\/www.bouquetdarbres.com\/de\/home\/\"},{\"@type\":\"ListItem\",\"position\":2,\"name\":\"Faq\"}]},{\"@type\":\"WebSite\",\"@id\":\"https:\/\/www.bouquetdarbres.com\/de\/#website\",\"url\":\"https:\/\/www.bouquetdarbres.com\/de\/\",\"name\":\"Le Bouquet d'Arbres\",\"description\":\"Holiday Home - Villers-la-Ville\",\"publisher\":{\"@id\":\"https:\/\/www.bouquetdarbres.com\/de\/#organization\"},\"potentialAction\":[{\"@type\":\"SearchAction\",\"target\":{\"@type\":\"EntryPoint\",\"urlTemplate\":\"https:\/\/www.bouquetdarbres.com\/de\/?s={search_term_string}\"},\"query-input\":{\"@type\":\"PropertyValueSpecification\",\"valueRequired\":true,\"valueName\":\"search_term_string\"}}],\"inLanguage\":\"de\"},{\"@type\":\"Organization\",\"@id\":\"https:\/\/www.bouquetdarbres.com\/de\/#organization\",\"name\":\"Bouquet d'Arbres\",\"url\":\"https:\/\/www.bouquetdarbres.com\/de\/\",\"logo\":{\"@type\":\"ImageObject\",\"inLanguage\":\"de\",\"@id\":\"https:\/\/www.bouquetdarbres.com\/de\/#\/schema\/logo\/image\/\",\"url\":\"https:\/\/www.bouquetdarbres.com\/wp-content\/uploads\/2025\/08\/logo-bouquet-darbres.png\",\"contentUrl\":\"https:\/\/www.bouquetdarbres.com\/wp-content\/uploads\/2025\/08\/logo-bouquet-darbres.png\",\"width\":558,\"height\":154,\"caption\":\"Bouquet d'Arbres\"},\"image\":{\"@id\":\"https:\/\/www.bouquetdarbres.com\/de\/#\/schema\/logo\/image\/\"},\"sameAs\":[\"https:\/\/www.facebook.com\/LeBouquetDArbres\/\",\"https:\/\/www.instagram.com\/lebouquetdarbres\/\"]}]}<\/script>\n<!-- \/ Yoast SEO plugin. -->","yoast_head_json":{"title":"Faq - Bouquet d&#039;Arbres","robots":{"index":"index","follow":"follow","max-snippet":"max-snippet:-1","max-image-preview":"max-image-preview:large","max-video-preview":"max-video-preview:-1"},"canonical":"https:\/\/www.bouquetdarbres.com\/de\/faq\/","og_locale":"de_DE","og_type":"article","og_title":"Faq - Bouquet d&#039;Arbres","og_description":"Beliebte Fragen F.A.Q Wie viele G\u00e4ste k\u00f6nnen in der Ferienunterkunft \u00fcbernachten? Das Ferienhaus bietet Platz f\u00fcr maximal 8 G\u00e4ste, mit der M\u00f6glichkeit, ein zus\u00e4tzliches Kleinkind dank des verf\u00fcgbaren Babybetts aufzunehmen. Sind Haustiere erlaubt? Ja, ein Hund ist im Ferienhaus willkommen.F\u00fcr den Komfort aller sind Haustiere im Wellnessbereich, sowie auf den Betten und dem Sofa, nicht erlaubt. Welche Check-in- und Check-out-Zeiten","og_url":"https:\/\/www.bouquetdarbres.com\/de\/faq\/","og_site_name":"Bouquet d&#039;Arbres","article_publisher":"https:\/\/www.facebook.com\/LeBouquetDArbres\/","article_modified_time":"2026-01-20T14:41:01+00:00","og_image":[{"url":"https:\/\/bouquetdarbres.proxim-it.be\/wp-content\/uploads\/2025\/11\/Photo-automne-cote-Large.jpeg","type":"","width":"","height":""}],"twitter_card":"summary_large_image","twitter_misc":{"Gesch\u00e4tzte Lesezeit":"1\u00a0Minute"},"schema":{"@context":"https:\/\/schema.org","@graph":[{"@type":"WebPage","@id":"https:\/\/www.bouquetdarbres.com\/de\/faq\/","url":"https:\/\/www.bouquetdarbres.com\/de\/faq\/","name":"Faq - Bouquet d&#039;Arbres","isPartOf":{"@id":"https:\/\/www.bouquetdarbres.com\/de\/#website"},"primaryImageOfPage":{"@id":"https:\/\/www.bouquetdarbres.com\/de\/faq\/#primaryimage"},"image":{"@id":"https:\/\/www.bouquetdarbres.com\/de\/faq\/#primaryimage"},"thumbnailUrl":"https:\/\/bouquetdarbres.proxim-it.be\/wp-content\/uploads\/2025\/11\/Photo-automne-cote-Large.jpeg","datePublished":"2023-10-23T21:39:27+00:00","dateModified":"2026-01-20T14:41:01+00:00","breadcrumb":{"@id":"https:\/\/www.bouquetdarbres.com\/de\/faq\/#breadcrumb"},"inLanguage":"de","potentialAction":[{"@type":"ReadAction","target":["https:\/\/www.bouquetdarbres.com\/de\/faq\/"]}]},{"@type":"ImageObject","inLanguage":"de","@id":"https:\/\/www.bouquetdarbres.com\/de\/faq\/#primaryimage","url":"https:\/\/bouquetdarbres.proxim-it.be\/wp-content\/uploads\/2025\/11\/Photo-automne-cote-Large.jpeg","contentUrl":"https:\/\/bouquetdarbres.proxim-it.be\/wp-content\/uploads\/2025\/11\/Photo-automne-cote-Large.jpeg"},{"@type":"BreadcrumbList","@id":"https:\/\/www.bouquetdarbres.com\/de\/faq\/#breadcrumb","itemListElement":[{"@type":"ListItem","position":1,"name":"Home","item":"https:\/\/www.bouquetdarbres.com\/de\/home\/"},{"@type":"ListItem","position":2,"name":"Faq"}]},{"@type":"WebSite","@id":"https:\/\/www.bouquetdarbres.com\/de\/#website","url":"https:\/\/www.bouquetdarbres.com\/de\/","name":"Le Bouquet d'Arbres","description":"Holiday Home - Villers-la-Ville","publisher":{"@id":"https:\/\/www.bouquetdarbres.com\/de\/#organization"},"potentialAction":[{"@type":"SearchAction","target":{"@type":"EntryPoint","urlTemplate":"https:\/\/www.bouquetdarbres.com\/de\/?s={search_term_string}"},"query-input":{"@type":"PropertyValueSpecification","valueRequired":true,"valueName":"search_term_string"}}],"inLanguage":"de"},{"@type":"Organization","@id":"https:\/\/www.bouquetdarbres.com\/de\/#organization","name":"Bouquet d'Arbres","url":"https:\/\/www.bouquetdarbres.com\/de\/","logo":{"@type":"ImageObject","inLanguage":"de","@id":"https:\/\/www.bouquetdarbres.com\/de\/#\/schema\/logo\/image\/","url":"https:\/\/www.bouquetdarbres.com\/wp-content\/uploads\/2025\/08\/logo-bouquet-darbres.png","contentUrl":"https:\/\/www.bouquetdarbres.com\/wp-content\/uploads\/2025\/08\/logo-bouquet-darbres.png","width":558,"height":154,"caption":"Bouquet d'Arbres"},"image":{"@id":"https:\/\/www.bouquetdarbres.com\/de\/#\/schema\/logo\/image\/"},"sameAs":["https:\/\/www.facebook.com\/LeBouquetDArbres\/","https:\/\/www.instagram.com\/lebouquetdarbres\/"]}]}},"meta_box":[],"_links":{"self":[{"href":"https:\/\/www.bouquetdarbres.com\/de\/wp-json\/wp\/v2\/pages\/3588","targetHints":{"allow":["GET"]}}],"collection":[{"href":"https:\/\/www.bouquetdarbres.com\/de\/wp-json\/wp\/v2\/pages"}],"about":[{"href":"https:\/\/www.bouquetdarbres.com\/de\/wp-json\/wp\/v2\/types\/page"}],"author":[{"embeddable":true,"href":"https:\/\/www.bouquetdarbres.com\/de\/wp-json\/wp\/v2\/users\/2"}],"replies":[{"embeddable":true,"href":"https:\/\/www.bouquetdarbres.com\/de\/wp-json\/wp\/v2\/comments?post=3588"}],"version-history":[{"count":6,"href":"https:\/\/www.bouquetdarbres.com\/de\/wp-json\/wp\/v2\/pages\/3588\/revisions"}],"predecessor-version":[{"id":3864,"href":"https:\/\/www.bouquetdarbres.com\/de\/wp-json\/wp\/v2\/pages\/3588\/revisions\/3864"}],"wp:attachment":[{"href":"https:\/\/www.bouquetdarbres.com\/de\/wp-json\/wp\/v2\/media?parent=3588"}],"curies":[{"name":"wp","href":"https:\/\/api.w.org\/{rel}","templated":true}]}}